{"id":2905,"date":"2021-12-28T19:14:47","date_gmt":"2021-12-28T19:14:47","guid":{"rendered":"https:\/\/www.agroturismokorteta.com\/tarifas-y-reservas\/"},"modified":"2025-12-26T18:25:51","modified_gmt":"2025-12-26T18:25:51","slug":"tarifs-et-reservations","status":"publish","type":"page","link":"https:\/\/www.agroturismokorteta.com\/fr\/tarifs-et-reservations\/","title":{"rendered":"Tarifs &#038; R\u00e9servations"},"content":{"rendered":"[vc_row type=\u00a0\u00bbfull_width_content\u00a0\u00bb full_screen_row_position=\u00a0\u00bbmiddle\u00a0\u00bb column_margin=\u00a0\u00bbdefault\u00a0\u00bb column_direction=\u00a0\u00bbdefault\u00a0\u00bb column_direction_tablet=\u00a0\u00bbdefault\u00a0\u00bb column_direction_phone=\u00a0\u00bbdefault\u00a0\u00bb scene_position=\u00a0\u00bbcenter\u00a0\u00bb top_padding=\u00a0\u00bb175&Prime; top_padding_tablet=\u00a0\u00bb25%\u00a0\u00bb top_padding_phone=\u00a0\u00bb35%\u00a0\u00bb text_color=\u00a0\u00bbdark\u00a0\u00bb text_align=\u00a0\u00bbleft\u00a0\u00bb row_border_radius=\u00a0\u00bbnone\u00a0\u00bb row_border_radius_applies=\u00a0\u00bbbg\u00a0\u00bb overflow=\u00a0\u00bbvisible\u00a0\u00bb advanced_gradient_angle=\u00a0\u00bb0&Prime; overlay_strength=\u00a0\u00bb0.3&Prime; gradient_direction=\u00a0\u00bbleft_to_right\u00a0\u00bb shape_divider_position=\u00a0\u00bbbottom\u00a0\u00bb bg_image_animation=\u00a0\u00bbnone\u00a0\u00bb shape_type=\u00a0\u00bbstraight_section\u00a0\u00bb gradient_type=\u00a0\u00bbdefault\u00a0\u00bb][vc_column column_padding=\u00a0\u00bbno-extra-padding\u00a0\u00bb column_padding_tablet=\u00a0\u00bbinherit\u00a0\u00bb column_padding_phone=\u00a0\u00bbinherit\u00a0\u00bb column_padding_position=\u00a0\u00bbtop-bottom\u00a0\u00bb column_element_direction_desktop=\u00a0\u00bbdefault\u00a0\u00bb column_element_spacing=\u00a0\u00bb0px\u00a0\u00bb desktop_text_alignment=\u00a0\u00bbdefault\u00a0\u00bb tablet_text_alignment=\u00a0\u00bbdefault\u00a0\u00bb phone_text_alignment=\u00a0\u00bbdefault\u00a0\u00bb background_color_opacity=\u00a0\u00bb1&Prime; background_hover_color_opacity=\u00a0\u00bb1&Prime; column_backdrop_filter=\u00a0\u00bbnone\u00a0\u00bb column_shadow=\u00a0\u00bbnone\u00a0\u00bb column_border_radius=\u00a0\u00bbnone\u00a0\u00bb column_link_target=\u00a0\u00bb_self\u00a0\u00bb column_position=\u00a0\u00bbdefault\u00a0\u00bb advanced_gradient_angle=\u00a0\u00bb0&Prime; gradient_direction=\u00a0\u00bbleft_to_right\u00a0\u00bb overlay_strength=\u00a0\u00bb0.3&Prime; width=\u00a0\u00bb1\/1&Prime; tablet_width_inherit=\u00a0\u00bbdefault\u00a0\u00bb animation_type=\u00a0\u00bbdefault\u00a0\u00bb bg_image_animation=\u00a0\u00bbnone\u00a0\u00bb border_type=\u00a0\u00bbsimple\u00a0\u00bb column_border_width=\u00a0\u00bbnone\u00a0\u00bb column_border_style=\u00a0\u00bbsolid\u00a0\u00bb gradient_type=\u00a0\u00bbdefault\u00a0\u00bb][vc_row_inner column_margin=\u00a0\u00bbnone\u00a0\u00bb column_direction=\u00a0\u00bbdefault\u00a0\u00bb column_direction_tablet=\u00a0\u00bbdefault\u00a0\u00bb column_direction_phone=\u00a0\u00bbdefault\u00a0\u00bb left_padding_desktop=\u00a0\u00bb8%\u00a0\u00bb constrain_group_2=\u00a0\u00bbyes\u00a0\u00bb right_padding_desktop=\u00a0\u00bb8%\u00a0\u00bb text_align=\u00a0\u00bbleft\u00a0\u00bb row_position=\u00a0\u00bbdefault\u00a0\u00bb row_position_tablet=\u00a0\u00bbinherit\u00a0\u00bb row_position_phone=\u00a0\u00bbinherit\u00a0\u00bb overflow=\u00a0\u00bbvisible\u00a0\u00bb pointer_events=\u00a0\u00bball\u00a0\u00bb][vc_column_inner column_padding=\u00a0\u00bbno-extra-padding\u00a0\u00bb column_padding_tablet=\u00a0\u00bbinherit\u00a0\u00bb column_padding_phone=\u00a0\u00bbinherit\u00a0\u00bb column_padding_position=\u00a0\u00bball\u00a0\u00bb column_element_direction_desktop=\u00a0\u00bbdefault\u00a0\u00bb column_element_spacing=\u00a0\u00bb0px\u00a0\u00bb desktop_text_alignment=\u00a0\u00bbdefault\u00a0\u00bb tablet_text_alignment=\u00a0\u00bbdefault\u00a0\u00bb phone_text_alignment=\u00a0\u00bbdefault\u00a0\u00bb background_color_opacity=\u00a0\u00bb1&Prime; background_hover_color_opacity=\u00a0\u00bb1&Prime; column_backdrop_filter=\u00a0\u00bbnone\u00a0\u00bb column_shadow=\u00a0\u00bbnone\u00a0\u00bb column_border_radius=\u00a0\u00bbnone\u00a0\u00bb column_link_target=\u00a0\u00bb_self\u00a0\u00bb overflow=\u00a0\u00bbvisible\u00a0\u00bb advanced_gradient_angle=\u00a0\u00bb0&Prime; gradient_direction=\u00a0\u00bbleft_to_right\u00a0\u00bb overlay_strength=\u00a0\u00bb0.3&Prime; width=\u00a0\u00bb1\/1&Prime; tablet_width_inherit=\u00a0\u00bbdefault\u00a0\u00bb animation_type=\u00a0\u00bbdefault\u00a0\u00bb bg_image_animation=\u00a0\u00bbnone\u00a0\u00bb border_type=\u00a0\u00bbsimple\u00a0\u00bb column_border_width=\u00a0\u00bbnone\u00a0\u00bb column_border_style=\u00a0\u00bbsolid\u00a0\u00bb gradient_type=\u00a0\u00bbdefault\u00a0\u00bb][split_line_heading animation_type=\u00a0\u00bbline-reveal-by-space\u00a0\u00bb font_style=\u00a0\u00bbh1&Prime; line_reveal_by_space_text_effect=\u00a0\u00bbletter-reveal-bottom\u00a0\u00bb mobile_disable_animation=\u00a0\u00bbtrue\u00a0\u00bb content_alignment=\u00a0\u00bbcenter\u00a0\u00bb mobile_content_alignment=\u00a0\u00bbinherit\u00a0\u00bb link_target=\u00a0\u00bb_self\u00a0\u00bb text_content=\u00a0\u00bbTARIFS &amp;\u00a0\u00bb font_size=\u00a0\u00bb12vw\u00a0\u00bb font_line_height=\u00a0\u00bb0.8&Prime; font_size_tablet=\u00a0\u00bb13vw\u00a0\u00bb][\/split_line_heading][split_line_heading animation_type=\u00a0\u00bbline-reveal-by-space\u00a0\u00bb font_style=\u00a0\u00bbh1&Prime; line_reveal_by_space_text_effect=\u00a0\u00bbletter-reveal-bottom\u00a0\u00bb mobile_disable_animation=\u00a0\u00bbtrue\u00a0\u00bb content_alignment=\u00a0\u00bbcenter\u00a0\u00bb mobile_content_alignment=\u00a0\u00bbinherit\u00a0\u00bb link_target=\u00a0\u00bb_self\u00a0\u00bb text_content=\u00a0\u00bbR\u00c9SERVATIONS\u00a0\u00bb font_size=\u00a0\u00bb12vw\u00a0\u00bb font_line_height=\u00a0\u00bb0.8&Prime; font_size_tablet=\u00a0\u00bb13vw\u00a0\u00bb][\/split_line_heading][\/vc_column_inner][\/vc_row_inner][vc_row_inner column_margin=\u00a0\u00bbdefault\u00a0\u00bb column_direction=\u00a0\u00bbdefault\u00a0\u00bb column_direction_tablet=\u00a0\u00bbdefault\u00a0\u00bb column_direction_phone=\u00a0\u00bbdefault\u00a0\u00bb top_padding=\u00a0\u00bb3%\u00a0\u00bb text_align=\u00a0\u00bbleft\u00a0\u00bb row_position=\u00a0\u00bbdefault\u00a0\u00bb row_position_tablet=\u00a0\u00bbinherit\u00a0\u00bb row_position_phone=\u00a0\u00bbinherit\u00a0\u00bb overflow=\u00a0\u00bbvisible\u00a0\u00bb pointer_events=\u00a0\u00bball\u00a0\u00bb][vc_column_inner column_padding=\u00a0\u00bbno-extra-padding\u00a0\u00bb column_padding_tablet=\u00a0\u00bbinherit\u00a0\u00bb column_padding_phone=\u00a0\u00bbinherit\u00a0\u00bb column_padding_position=\u00a0\u00bball\u00a0\u00bb column_element_direction_desktop=\u00a0\u00bbdefault\u00a0\u00bb column_element_spacing=\u00a0\u00bbdefault\u00a0\u00bb centered_text=\u00a0\u00bbtrue\u00a0\u00bb desktop_text_alignment=\u00a0\u00bbdefault\u00a0\u00bb tablet_text_alignment=\u00a0\u00bbdefault\u00a0\u00bb phone_text_alignment=\u00a0\u00bbdefault\u00a0\u00bb background_color_opacity=\u00a0\u00bb1&Prime; background_hover_color_opacity=\u00a0\u00bb1&Prime; column_backdrop_filter=\u00a0\u00bbnone\u00a0\u00bb column_shadow=\u00a0\u00bbnone\u00a0\u00bb column_border_radius=\u00a0\u00bbnone\u00a0\u00bb column_link_target=\u00a0\u00bb_self\u00a0\u00bb overflow=\u00a0\u00bbvisible\u00a0\u00bb advanced_gradient_angle=\u00a0\u00bb0&Prime; gradient_direction=\u00a0\u00bbleft_to_right\u00a0\u00bb overlay_strength=\u00a0\u00bb0.3&Prime; width=\u00a0\u00bb1\/1&Prime; tablet_width_inherit=\u00a0\u00bbdefault\u00a0\u00bb animation_type=\u00a0\u00bbdefault\u00a0\u00bb enable_animation=\u00a0\u00bbtrue\u00a0\u00bb animation=\u00a0\u00bbfade-in-from-bottom\u00a0\u00bb mobile_disable_entrance_animation=\u00a0\u00bbtrue\u00a0\u00bb animation_easing=\u00a0\u00bbdefault\u00a0\u00bb bg_image_animation=\u00a0\u00bbnone\u00a0\u00bb border_type=\u00a0\u00bbsimple\u00a0\u00bb column_border_width=\u00a0\u00bbnone\u00a0\u00bb column_border_style=\u00a0\u00bbsolid\u00a0\u00bb gradient_type=\u00a0\u00bbdefault\u00a0\u00bb delay=\u00a0\u00bb600&Prime;][vc_column_text]\n<h5>Consultez nos tarifs et disponibilit\u00e9s<\/h5>\n[\/vc_column_text][divider line_type=\u00a0\u00bbVertical Line\u00a0\u00bb divider_color=\u00a0\u00bbblack\u00a0\u00bb custom_height=\u00a0\u00bb100&Prime; custom_height_tablet=\u00a0\u00bb60&Prime; custom_height_phone=\u00a0\u00bb50&Prime;][\/vc_column_inner][\/vc_row_inner][\/vc_column][\/vc_row][vc_row type=\u00a0\u00bbin_container\u00a0\u00bb full_screen_row_position=\u00a0\u00bbmiddle\u00a0\u00bb column_margin=\u00a0\u00bbdefault\u00a0\u00bb column_direction=\u00a0\u00bbdefault\u00a0\u00bb column_direction_tablet=\u00a0\u00bbdefault\u00a0\u00bb column_direction_phone=\u00a0\u00bbdefault\u00a0\u00bb scene_position=\u00a0\u00bbcenter\u00a0\u00bb top_padding=\u00a0\u00bb6%\u00a0\u00bb bottom_padding=\u00a0\u00bb6%\u00a0\u00bb text_color=\u00a0\u00bbdark\u00a0\u00bb text_align=\u00a0\u00bbleft\u00a0\u00bb row_border_radius=\u00a0\u00bbnone\u00a0\u00bb row_border_radius_applies=\u00a0\u00bbbg\u00a0\u00bb overflow=\u00a0\u00bbvisible\u00a0\u00bb advanced_gradient_angle=\u00a0\u00bb0&Prime; overlay_strength=\u00a0\u00bb0.3&Prime; gradient_direction=\u00a0\u00bbleft_to_right\u00a0\u00bb shape_divider_position=\u00a0\u00bbbottom\u00a0\u00bb bg_image_animation=\u00a0\u00bbnone\u00a0\u00bb shape_type=\u00a0\u00bb\u00a0\u00bb gradient_type=\u00a0\u00bbdefault\u00a0\u00bb][vc_column column_padding=\u00a0\u00bbno-extra-padding\u00a0\u00bb column_padding_tablet=\u00a0\u00bbinherit\u00a0\u00bb column_padding_phone=\u00a0\u00bbinherit\u00a0\u00bb column_padding_position=\u00a0\u00bball\u00a0\u00bb column_element_direction_desktop=\u00a0\u00bbdefault\u00a0\u00bb column_element_spacing=\u00a0\u00bbdefault\u00a0\u00bb desktop_text_alignment=\u00a0\u00bbdefault\u00a0\u00bb tablet_text_alignment=\u00a0\u00bbdefault\u00a0\u00bb phone_text_alignment=\u00a0\u00bbdefault\u00a0\u00bb background_color_opacity=\u00a0\u00bb1&Prime; background_hover_color_opacity=\u00a0\u00bb1&Prime; column_backdrop_filter=\u00a0\u00bbnone\u00a0\u00bb column_shadow=\u00a0\u00bbnone\u00a0\u00bb column_border_radius=\u00a0\u00bbnone\u00a0\u00bb column_link_target=\u00a0\u00bb_self\u00a0\u00bb column_position=\u00a0\u00bbdefault\u00a0\u00bb gradient_direction=\u00a0\u00bbleft_to_right\u00a0\u00bb overlay_strength=\u00a0\u00bb0.3&Prime; width=\u00a0\u00bb1\/1&Prime; tablet_width_inherit=\u00a0\u00bbdefault\u00a0\u00bb animation_type=\u00a0\u00bbdefault\u00a0\u00bb bg_image_animation=\u00a0\u00bbnone\u00a0\u00bb border_type=\u00a0\u00bbsimple\u00a0\u00bb column_border_width=\u00a0\u00bbnone\u00a0\u00bb column_border_style=\u00a0\u00bbsolid\u00a0\u00bb][vc_column_text css=\u00a0\u00bb\u00a0\u00bb text_direction=\u00a0\u00bbdefault\u00a0\u00bb]\n<h2>Prix des chambres 2026<\/h2>\n[\/vc_column_text][vc_column_text css=\u00a0\u00bb\u00a0\u00bb text_direction=\u00a0\u00bbdefault\u00a0\u00bb]\n<table style=\"background: transparent;\">\n<thead>\n<tr style=\"background: transparent;\">\n<th><\/th>\n<th>\n<h3>Basse saison<\/h3>\n<\/th>\n<th>\n<h3>Haute saison<\/h3>\n<\/th>\n<\/tr>\n<\/thead>\n<tbody>\n<tr>\n<th>CHAMBRE INDIVIDUELLE<\/th>\n<td>50\u20ac<\/td>\n<td>60\u20ac<\/td>\n<\/tr>\n<tr>\n<th>CHAMBRE DOUBLE<\/th>\n<td>70\u20ac<\/td>\n<td>80\u20ac<\/td>\n<\/tr>\n<tr>\n<th>LIT SUPPL\u00c9MENTAIRE<\/th>\n<td>22\u20ac<\/td>\n<td>25\u20ac<\/td>\n<\/tr>\n<tr>\n<th>D\u00c9JEUNER COMPLET<\/th>\n<td style=\"text-align: center;\" colspan=\"2\">10\u20ac<\/td>\n<\/tr>\n<tr>\n<th>* DROIT A LA CUISINE<\/th>\n<td style=\"text-align: center;\" colspan=\"2\">5\u20ac\/jour personne<\/td>\n<\/tr>\n<\/tbody>\n<\/table>\n<p><small>* L&rsquo;usage de la cuisine est propos\u00e9 aux groupes.<\/small>[\/vc_column_text][vc_column_text css=\u00a0\u00bb.vc_custom_1766773307780{padding-top: 6% !important;}\u00a0\u00bb text_direction=\u00a0\u00bbdefault\u00a0\u00bb]\n<h2>Prix appartement 2026<\/h2>\n[\/vc_column_text][vc_column_text css=\u00a0\u00bb\u00a0\u00bb text_direction=\u00a0\u00bbdefault\u00a0\u00bb]\n<table style=\"background: transparent;\">\n<thead>\n<tr style=\"background: transparent;\">\n<th><\/th>\n<th>\n<h3>Basse saison<\/h3>\n<\/th>\n<th>\n<h3>Haute saison<\/h3>\n<\/th>\n<\/tr>\n<\/thead>\n<tbody>\n<tr>\n<th>1 CHAMBRE<\/th>\n<td>110\u20ac<\/td>\n<td>130\u20ac<\/td>\n<\/tr>\n<tr>\n<th>2 CHAMBRES<\/th>\n<td>140\u20ac<\/td>\n<td>160\u20ac<\/td>\n<\/tr>\n<tr>\n<th>LIT SUPPL\u00c9MENTAIRE<\/th>\n<td>25\u20ac<\/td>\n<td>25\u20ac<\/td>\n<\/tr>\n<\/tbody>\n<\/table>\n[\/vc_column_text][vc_column_text css=\u00a0\u00bb.vc_custom_1766773433505{padding-top: 6% !important;}\u00a0\u00bb text_direction=\u00a0\u00bbdefault\u00a0\u00bb]<small><strong>Haute saison:<\/strong> Carnavals, P\u00e2ques, ponts, \u00e9t\u00e9 et No\u00ebl..<\/small><\/p>\n<p><small><strong>Basse saison:<\/strong> Le reste de l&rsquo;ann\u00e9e.<\/small><\/p>\n<p><small>Tous les prix incluent la TVA.<\/small>[\/vc_column_text][vc_column_text css=\u00a0\u00bb.vc_custom_1766773543654{padding-top: 6% !important;}\u00a0\u00bb text_direction=\u00a0\u00bbdefault\u00a0\u00bb]\n<h3>Conditions de r\u00e9servation<\/h3>\n<p><strong>Avance pour r\u00e9server:<\/strong> 25% du total de la r\u00e9servation. Les 75 % restants peuvent \u00eatre pay\u00e9s \u00e0 domicile.<\/p>\n<p><strong>Politique d&rsquo;annulation:<\/strong> En cas d&rsquo;annulation de la r\u00e9servation, vous aurez droit au remboursement des sommes vers\u00e9es, avec l&rsquo;indemnit\u00e9 r\u00e9sultant de l&rsquo;application des pourcentages suivants au montant de l&rsquo;acompte requis:<\/p>\n<ul>\n<li>Si l&rsquo;annulation est dans la m\u00eame semaine que la r\u00e9servation, rien ne sera retourn\u00e9.<\/li>\n<li>Si c&rsquo;est entre 8 et 15 jours avant, 60% est retenu<\/li>\n<li>Si c&rsquo;est entre 16 et 30 jours avant, 40% est retenu<\/li>\n<li>Si c&rsquo;est 31 jours \u00e0 l&rsquo;avance, 5% est retenu<\/li>\n<\/ul>\n<p><strong>Arriv\u00e9e \u00e0 partir de 17h00. \u00e0 20h00<\/strong><\/p>\n<p><small>Si vous ne pouvez pas le faire dans ce d\u00e9lai, contactez directement l&rsquo;h\u00e9bergement.<\/small><\/p>\n<p><strong>D\u00e9part avant 11h00<\/strong><\/p>\n<p><small>Possibilit\u00e9 de prolonger l&rsquo;heure de d\u00e9part, avec un suppl\u00e9ment, lorsque cela est possible.<\/small>[\/vc_column_text][\/vc_column][\/vc_row]\n","protected":false},"excerpt":{"rendered":"<p>[vc_row type=\u00a0\u00bbfull_width_content\u00a0\u00bb full_screen_row_position=\u00a0\u00bbmiddle\u00a0\u00bb column_margin=\u00a0\u00bbdefault\u00a0\u00bb column_direction=\u00a0\u00bbdefault\u00a0\u00bb column_direction_tablet=\u00a0\u00bbdefault\u00a0\u00bb column_direction_phone=\u00a0\u00bbdefault\u00a0\u00bb scene_position=\u00a0\u00bbcenter\u00a0\u00bb top_padding=\u00a0\u00bb175&Prime; top_padding_tablet=\u00a0\u00bb25%\u00a0\u00bb top_padding_phone=\u00a0\u00bb35%\u00a0\u00bb text_color=\u00a0\u00bbdark\u00a0\u00bb text_align=\u00a0\u00bbleft\u00a0\u00bb row_border_radius=\u00a0\u00bbnone\u00a0\u00bb row_border_radius_applies=\u00a0\u00bbbg\u00a0\u00bb overflow=\u00a0\u00bbvisible\u00a0\u00bb advanced_gradient_angle=\u00a0\u00bb0&Prime; overlay_strength=\u00a0\u00bb0.3&Prime;&#8230;<\/p>\n","protected":false},"author":1,"featured_media":0,"parent":0,"menu_order":0,"comment_status":"closed","ping_status":"closed","template":"","meta":{"_joinchat":[],"footnotes":""},"class_list":["post-2905","page","type-page","status-publish"],"_links":{"self":[{"href":"https:\/\/www.agroturismokorteta.com\/fr\/wp-json\/wp\/v2\/pages\/2905","targetHints":{"allow":["GET"]}}],"collection":[{"href":"https:\/\/www.agroturismokorteta.com\/fr\/wp-json\/wp\/v2\/pages"}],"about":[{"href":"https:\/\/www.agroturismokorteta.com\/fr\/wp-json\/wp\/v2\/types\/page"}],"author":[{"embeddable":true,"href":"https:\/\/www.agroturismokorteta.com\/fr\/wp-json\/wp\/v2\/users\/1"}],"replies":[{"embeddable":true,"href":"https:\/\/www.agroturismokorteta.com\/fr\/wp-json\/wp\/v2\/comments?post=2905"}],"version-history":[{"count":6,"href":"https:\/\/www.agroturismokorteta.com\/fr\/wp-json\/wp\/v2\/pages\/2905\/revisions"}],"predecessor-version":[{"id":3158,"href":"https:\/\/www.agroturismokorteta.com\/fr\/wp-json\/wp\/v2\/pages\/2905\/revisions\/3158"}],"wp:attachment":[{"href":"https:\/\/www.agroturismokorteta.com\/fr\/wp-json\/wp\/v2\/media?parent=2905"}],"curies":[{"name":"wp","href":"https:\/\/api.w.org\/{rel}","templated":true}]}}